{"id":5468,"date":"2024-05-24T16:23:47","date_gmt":"2024-05-24T20:23:47","guid":{"rendered":"http:\/\/deafyouthhub.ca\/s-abonner\/"},"modified":"2024-08-12T01:21:05","modified_gmt":"2024-08-12T05:21:05","slug":"s-abonner","status":"publish","type":"page","link":"https:\/\/deafyouthhub.ca\/fr-ca\/s-abonner\/","title":{"rendered":"S&rsquo;abonner"},"content":{"rendered":"\n<div class=\" wp-block-cover is-light eplus-wrapper\" style=\"padding-top:var(--wp--preset--spacing--60);padding-bottom:var(--wp--preset--spacing--60);min-height:100vh;aspect-ratio:unset;\"><span aria-hidden=\"true\" class=\"wp-block-cover__background has-purple-background-color has-background-dim-0 has-background-dim\"><\/span><img loading=\"lazy\" decoding=\"async\" width=\"1920\" height=\"1280\" class=\"wp-block-cover__image-background wp-image-3821\" alt=\"\" src=\"https:\/\/deafyouthhub.ca\/wp-content\/uploads\/2022\/11\/modern-diagonal-bg-scaled-e1676970233940.jpeg\" data-object-fit=\"cover\" srcset=\"https:\/\/deafyouthhub.ca\/wp-content\/uploads\/2022\/11\/modern-diagonal-bg-scaled-e1676970233940.jpeg 1920w, https:\/\/deafyouthhub.ca\/wp-content\/uploads\/2022\/11\/modern-diagonal-bg-scaled-e1676970233940-500x333.jpeg 500w, https:\/\/deafyouthhub.ca\/wp-content\/uploads\/2022\/11\/modern-diagonal-bg-scaled-e1676970233940-1024x683.jpeg 1024w, https:\/\/deafyouthhub.ca\/wp-content\/uploads\/2022\/11\/modern-diagonal-bg-scaled-e1676970233940-768x512.jpeg 768w, https:\/\/deafyouthhub.ca\/wp-content\/uploads\/2022\/11\/modern-diagonal-bg-scaled-e1676970233940-1536x1024.jpeg 1536w\" sizes=\"auto, (max-width: 1920px) 100vw, 1920px\" \/><div class=\"wp-block-cover__inner-container is-layout-constrained wp-block-cover-is-layout-constrained\"><div class=\"wp-bootstrap-blocks-container container mb-2\">\n\t\n<div class=\"wp-bootstrap-blocks-row row justify-content-center\">\n\t\n\n<div class=\"col-12 col-sm-9 col-md-6 col-lg-4\">\n\t\t\t\n\n<div class=\"rounded-3 wp-block-group has-green-background-color has-background eplus-wrapper is-vertical is-content-justification-stretch is-layout-flex wp-container-core-group-is-layout-353c4f5a wp-block-group-is-layout-flex\">\n<h1 class=\"wp-block-heading has-text-align-center has-white-color has-text-color has-link-color eplus-wrapper wp-elements-b32b5b815e64ef6e49f25b2dc40b2cd1\">S&rsquo;abonner \u00e0 Deaf Youth HUB!<\/h1>\n\n\n\n<p class=\"has-text-align-center has-white-color has-text-color has-link-color has-medium-font-size eplus-wrapper wp-elements-37203958e41c6d5fa733dba4eca2a93e\">Recevez les nouvelles et les mises \u00e0 jour de Deaf Youth HUB dans votre bo\u00eete de r\u00e9ception.<\/p>\n\n\n\n<div class=\"wp-block-group has-dark-gray-color has-text-color has-link-color eplus-wrapper wp-elements-f0a241cf968bc1169d3b88f7058eeb01\">\n<div id=\"mc_embed_shell\">\n      <link href=\"\/\/cdn-images.mailchimp.com\/embedcode\/classic-061523.css\" rel=\"stylesheet\" type=\"text\/css\"\/>\n  <style type=\"text\/css\">\n        #mc_embed_signup{background:#fff; false;clear:left; font:14px Helvetica,Arial,sans-serif; width: px;}\n        \/* Add your own Mailchimp form style overrides in your site stylesheet or in this style block.\n           We recommend moving this block and the preceding CSS link to the HEAD of your HTML file. *\/\n<\/style>\n<div id=\"mc_embed_signup\">\n    <form action=\"https:\/\/silentvoice.us17.list-manage.com\/subscribe\/post?u=f5007fc19f47fb58b766bd1a2&#038;id=eec9d86a8b&#038;f_id=00a361e0f0\" method=\"post\" id=\"mc-embedded-subscribe-form\" name=\"mc-embedded-subscribe-form\" class=\"validate\" target=\"_blank\"> \n            <div class=\"indicates-required\"><span class=\"asterisk\">*<\/span> indique qu&rsquo;il est n\u00e9cessaire<\/div>\n            <div class=\"mc-field-group\"><label for=\"mce-EMAIL\">Adresse \u00e9lectronique <span class=\"asterisk\">*<\/span><\/label><input type=\"email\" name=\"EMAIL\" class=\"required email\" id=\"mce-EMAIL\" required=\"\" value=\"\"\/><\/div><div class=\"mc-field-group\"><label for=\"mce-FNAME\">Pr\u00e9nom <\/label><input type=\"text\" name=\"FNAME\" class=\" text\" id=\"mce-FNAME\" value=\"\"\/><\/div><div class=\"mc-field-group\"><label for=\"mce-LNAME\">Nom de famille <\/label><input type=\"text\" name=\"LNAME\" class=\" text\" id=\"mce-LNAME\" value=\"\"\/><\/div><div class=\"mc-field-group\"><label for=\"mce-MMERGE3\">Je suis un : <\/label><select name=\"MMERGE3\" class=\"\" id=\"mce-MMERGE3\"><option value=\"\"><\/option><option value=\"Jeunes sourds ou malentendants\">Jeunes sourds ou malentendants<\/option><option value=\"parent d'un jeune sourd ou malentendant\">parent d&rsquo;un jeune sourd ou malentendant<\/option><option value=\"\u00e9ducateur\">\u00e9ducateur<\/option><option value=\"Conseiller en PAH\">Conseiller en PAH<\/option><option value=\"mentor\">mentor<\/option><option value=\"tuteur\">tuteur<\/option><\/select><\/div>\n        <div id=\"mce-responses\" class=\"clear\">\n            <div class=\"response\" id=\"mce-error-response\" style=\"display: none;\"><\/div>\n            <div class=\"response\" id=\"mce-success-response\" style=\"display: none;\"><\/div>\n        <\/div><div aria-hidden=\"true\" style=\"position: absolute; left: -5000px;\"><input type=\"text\" name=\"b_f5007fc19f47fb58b766bd1a2_eec9d86a8b\" tabindex=\"-1\" value=\"\"\/><\/div><div class=\"clear\"><input type=\"submit\" name=\"subscribe\" id=\"mc-embedded-subscribe\" class=\"button\" value=\"S'abonner\"\/><\/div>\n    <\/form><\/div>\n\n<\/div>\n<script type=\"text\/javascript\" src=\"\/\/s3.amazonaws.com\/downloads.mailchimp.com\/js\/mc-validate.js\"><\/script><script type=\"text\/javascript\">(function($) {window.fnames = new Array(); window.ftypes = new Array();fnames[0]='EMAIL';ftypes[0]='email';fnames[1]='FNAME';ftypes[1]='text';fnames[2]='LNAME';ftypes[2]='text';fnames[3]='MMERGE3';ftypes[3]='dropdown';}(jQuery));var $mcj = jQuery.noConflict(true);<\/script><\/div>\n<\/div>\n\n\t<\/div>\n\n<\/div>\n\n<\/div>\n<\/div><\/div>\n","protected":false},"excerpt":{"rendered":"<p> [&#8230;]<\/p>\n<p><a class=\"btn btn-secondary understrap-read-more-link\" href=\"https:\/\/deafyouthhub.ca\/fr-ca\/s-abonner\/\">Read More&#8230;<span class=\"screen-reader-text\"> from S&rsquo;abonner<\/span><\/a><\/p>\n","protected":false},"author":1,"featured_media":3821,"parent":0,"menu_order":0,"comment_status":"closed","ping_status":"closed","template":"empty","meta":{"_acf_changed":false,"footnotes":""},"class_list":["post-5468","page","type-page","status-publish","has-post-thumbnail","hentry"],"acf":[],"mb":[],"mfb_rest_fields":["title"],"_links":{"self":[{"href":"https:\/\/deafyouthhub.ca\/fr-ca\/wp-json\/wp\/v2\/pages\/5468","targetHints":{"allow":["GET"]}}],"collection":[{"href":"https:\/\/deafyouthhub.ca\/fr-ca\/wp-json\/wp\/v2\/pages"}],"about":[{"href":"https:\/\/deafyouthhub.ca\/fr-ca\/wp-json\/wp\/v2\/types\/page"}],"author":[{"embeddable":true,"href":"https:\/\/deafyouthhub.ca\/fr-ca\/wp-json\/wp\/v2\/users\/1"}],"replies":[{"embeddable":true,"href":"https:\/\/deafyouthhub.ca\/fr-ca\/wp-json\/wp\/v2\/comments?post=5468"}],"version-history":[{"count":0,"href":"https:\/\/deafyouthhub.ca\/fr-ca\/wp-json\/wp\/v2\/pages\/5468\/revisions"}],"wp:featuredmedia":[{"embeddable":true,"href":"https:\/\/deafyouthhub.ca\/fr-ca\/wp-json\/wp\/v2\/media\/3821"}],"wp:attachment":[{"href":"https:\/\/deafyouthhub.ca\/fr-ca\/wp-json\/wp\/v2\/media?parent=5468"}],"curies":[{"name":"wp","href":"https:\/\/api.w.org\/{rel}","templated":true}]}}