{"id":4167,"date":"2023-02-20T03:04:44","date_gmt":"2023-02-20T08:04:44","guid":{"rendered":"http:\/\/deafyouthhub.ca\/pessources-de-partage\/"},"modified":"2023-07-18T04:12:00","modified_gmt":"2023-07-18T08:12:00","slug":"ressources-de-partage","status":"publish","type":"page","link":"https:\/\/deafyouthhub.ca\/fr-ca\/ressources-de-partage\/","title":{"rendered":"Ressources de partage"},"content":{"rendered":"\n<div class=\"m-0 py-5 shadow wp-block-cover eplus-wrapper wp-duotone-c7005a-fff278-1\"><span aria-hidden=\"true\" class=\"wp-block-cover__background has-background-dim-70 has-background-dim wp-block-cover__gradient-background has-background-gradient\" style=\"background:linear-gradient(135deg,rgb(0,203,203) 0%,rgb(111,66,193) 28%,rgb(220,53,69) 55%,rgb(253,126,20) 80%,rgb(255,193,7) 100%)\"><\/span><img loading=\"lazy\" decoding=\"async\" width=\"1920\" height=\"1280\" class=\"wp-block-cover__image-background wp-image-265\" alt=\"\" src=\"https:\/\/deafyouthhub.ca\/wp-content\/uploads\/2022\/06\/dyh_abstract_bg.png\" style=\"object-position:50% 0%\" data-object-fit=\"cover\" data-object-position=\"50% 0%\" srcset=\"https:\/\/deafyouthhub.ca\/wp-content\/uploads\/2022\/06\/dyh_abstract_bg.png 1920w, https:\/\/deafyouthhub.ca\/wp-content\/uploads\/2022\/06\/dyh_abstract_bg-500x333.png 500w, https:\/\/deafyouthhub.ca\/wp-content\/uploads\/2022\/06\/dyh_abstract_bg-1024x683.png 1024w, https:\/\/deafyouthhub.ca\/wp-content\/uploads\/2022\/06\/dyh_abstract_bg-768x512.png 768w, https:\/\/deafyouthhub.ca\/wp-content\/uploads\/2022\/06\/dyh_abstract_bg-1536x1024.png 1536w\" sizes=\"auto, (max-width: 1920px) 100vw, 1920px\" \/><div class=\"wp-block-cover__inner-container is-layout-flow wp-block-cover-is-layout-flow\"><div class=\"wp-bootstrap-blocks-container container-lg mb-0\">\n\t\n<div class=\"wp-bootstrap-blocks-row row g-0 justify-content-center\">\n\t\n\n<div class=\"col-12 col-lg-10 col-xl-8\">\n\t\t\t\n\n<div class=\"wp-block-group eplus-wrapper is-layout-flow wp-block-group-is-layout-flow\">\n\n\n<div class=\"rounded-3 wp-block-group has-white-background-color has-background eplus-wrapper is-layout-flow wp-container-core-group-is-layout-b20aeb27 wp-block-group-is-layout-flow\" style=\"padding-top:0;padding-right:0;padding-bottom:0;padding-left:0\">\n<div class=\"wp-block-group has-white-color has-purple-background-color has-text-color has-background eplus-wrapper is-nowrap is-layout-flex wp-container-core-group-is-layout-01272554 wp-block-group-is-layout-flex\" style=\"padding-top:var(--wp--preset--spacing--50);padding-right:var(--wp--preset--spacing--50);padding-bottom:var(--wp--preset--spacing--50);padding-left:var(--wp--preset--spacing--50)\">\n<i class=\"fa-regular fa-share-from-square fa-2x\"><\/i>\n\n\n\n<h2 class=\" wp-block-heading eplus-wrapper\">Ressources de partage<\/h2>\n<\/div>\n\n\n\n<div class=\"wp-block-group has-dark-gray-color has-text-color eplus-wrapper is-layout-flow wp-container-core-group-is-layout-011244d3 wp-block-group-is-layout-flow\" style=\"padding-top:var(--wp--preset--spacing--50);padding-right:var(--wp--preset--spacing--50);padding-bottom:var(--wp--preset--spacing--50);padding-left:var(--wp--preset--spacing--50)\"><div class=\"wp-bootstrap-blocks-row row gy-4\">\n\t\n\n<div class=\"col-12 col-md-6\">\n\t\t\t<div class=\"h-100 d-flex flex-column justify-content-center\">\n\t\t\t\n\n<div class=\"wp-block-group has-dark-gray-color has-text-color eplus-wrapper is-layout-flow wp-container-core-group-is-layout-19eabfb7 wp-block-group-is-layout-flow\">\n<p class=\"lead has-text-align-left eplus-wrapper\">Vous pouvez partager vos ressources avec nous via ce formulaire !<\/p>\n\n\n\n<p class=\" has-text-align-left has-purple-color has-text-color eplus-wrapper\">Nous vous remercions de prendre le temps de partager. <\/p>\n<\/div>\n\n\t\t<\/div>\n\t<\/div>\n\n\n\n<div class=\"col-12 col-md-6\">\n\t\t\t<div class=\"h-100 d-flex flex-column justify-content-center\">\n\t\t\t\n\n<div class=\"rounded-3 wp-block-group has-dark-gray-color has-light-gray-background-color has-text-color has-background eplus-wrapper is-content-justification-space-between is-layout-flex wp-container-core-group-is-layout-9ec8be0d wp-block-group-is-layout-flex\" style=\"padding-top:var(--wp--preset--spacing--30);padding-right:var(--wp--preset--spacing--30);padding-bottom:var(--wp--preset--spacing--30);padding-left:var(--wp--preset--spacing--30);font-style:normal;font-weight:500\">\n<div class=\"wp-block-group eplus-wrapper is-layout-flow wp-block-group-is-layout-flow\">\n<ul class=\"eplus-wrapper wp-block-list\">\n<li class=\"mb-3 eplus-wrapper\">Tous les champs sont obligatoires.<\/li>\n\n\n\n<li class=\"mb-3 eplus-wrapper\">Une ressource par soumission.<\/li>\n\n\n\n<li class=\"mb-3 eplus-wrapper\">Les soumissions seront supprim\u00e9es de notre bo\u00eete de r\u00e9ception apr\u00e8s avoir \u00e9t\u00e9 ajout\u00e9es \u00e0 notre site web.<\/li>\n\n\n\n<li class=\" eplus-wrapper\">Nous pourrions vous contacter pour obtenir des pr\u00e9cisions.<\/li>\n<\/ul>\n<\/div>\n<\/div>\n\n\t\t<\/div>\n\t<\/div>\n\n<\/div>\n\n\n\n<div class=\"wp-block-group eplus-wrapper is-layout-flow wp-block-group-is-layout-flow\"><div class=\"wpforms-container wpforms-container-full wpforms-block wpforms-block-c0202ca8-2c64-4a0f-951d-b5442de5fab0 wpforms-render-modern\" id=\"wpforms-4313\"><form id=\"wpforms-form-4313\" class=\"wpforms-validate wpforms-form wpforms-ajax-form\" data-formid=\"4313\" method=\"post\" enctype=\"multipart\/form-data\" action=\"\/fr-ca\/wp-json\/wp\/v2\/pages\/4167\" data-token=\"87f685e0567847bb5b633484e46bae32\" data-token-time=\"1776189105\"><noscript class=\"wpforms-error-noscript\">Please enable JavaScript in your browser to complete this form.<\/noscript><div id=\"wpforms-error-noscript\" style=\"display: none;\">Please enable JavaScript in your browser to complete this form.<\/div><div class=\"wpforms-field-container\"><div id=\"wpforms-4313-field_8-container\" class=\"wpforms-field wpforms-field-layout\" data-field-id=\"8\"><div class=\"wpforms-field-layout-columns wpforms-field-layout-preset-50-50\"><div class=\"wpforms-layout-column wpforms-layout-column-50\" ><div id=\"wpforms-4313-field_0-container\" class=\"wpforms-field wpforms-field-name\" data-field-id=\"0\"><label class=\"wpforms-field-label\" for=\"wpforms-4313-field_0\">Nom : <span class=\"wpforms-required-label\" aria-hidden=\"true\">*<\/span><\/label><input type=\"text\" id=\"wpforms-4313-field_0\" class=\"wpforms-field-large wpforms-field-required\" name=\"wpforms[fields][0]\" aria-errormessage=\"wpforms-4313-field_0-error\" required><\/div><\/div><div class=\"wpforms-layout-column wpforms-layout-column-50\" ><div id=\"wpforms-4313-field_1-container\" class=\"wpforms-field wpforms-field-email\" data-field-id=\"1\"><label class=\"wpforms-field-label\" for=\"wpforms-4313-field_1\">Courriel : <span class=\"wpforms-required-label\" aria-hidden=\"true\">*<\/span><\/label><input type=\"email\" id=\"wpforms-4313-field_1\" class=\"wpforms-field-large wpforms-field-required\" name=\"wpforms[fields][1]\" spellcheck=\"false\" aria-errormessage=\"wpforms-4313-field_1-error\" required><\/div><\/div><\/div><\/div><div id=\"wpforms-4313-field_3-container\" class=\"wpforms-field wpforms-field-radio wpforms-list-inline\" data-field-id=\"3\"><fieldset><legend class=\"wpforms-field-label\">Comment classeriez-vous cette ressource ? <span class=\"wpforms-required-label\" aria-hidden=\"true\">*<\/span><\/legend><ul id=\"wpforms-4313-field_3\" class=\"wpforms-field-required\"><li class=\"choice-0 depth-1\"><input type=\"radio\" id=\"wpforms-4313-field_3_0\" name=\"wpforms[fields][3]\" value=\"216\" aria-errormessage=\"wpforms-4313-field_3_0-error\" required ><label class=\"wpforms-field-label-inline\" for=\"wpforms-4313-field_3_0\">Accessibilit\u00e9<\/label><\/li><li class=\"choice-1 depth-1\"><input type=\"radio\" id=\"wpforms-4313-field_3_1\" name=\"wpforms[fields][3]\" value=\"217\" aria-errormessage=\"wpforms-4313-field_3_1-error\" required ><label class=\"wpforms-field-label-inline\" for=\"wpforms-4313-field_3_1\">Apprendre<\/label><\/li><li class=\"choice-2 depth-1\"><input type=\"radio\" id=\"wpforms-4313-field_3_2\" name=\"wpforms[fields][3]\" value=\"215\" aria-errormessage=\"wpforms-4313-field_3_2-error\" required ><label class=\"wpforms-field-label-inline\" for=\"wpforms-4313-field_3_2\">Interagir<\/label><\/li><li class=\"choice-3 depth-1\"><input type=\"radio\" id=\"wpforms-4313-field_3_3\" name=\"wpforms[fields][3]\" value=\"208\" aria-errormessage=\"wpforms-4313-field_3_3-error\" required ><label class=\"wpforms-field-label-inline\" for=\"wpforms-4313-field_3_3\">Non class\u00e9<\/label><\/li><li class=\"choice-4 depth-1\"><input type=\"radio\" id=\"wpforms-4313-field_3_4\" name=\"wpforms[fields][3]\" value=\"218\" aria-errormessage=\"wpforms-4313-field_3_4-error\" required ><label class=\"wpforms-field-label-inline\" for=\"wpforms-4313-field_3_4\">Sant\u00e9 mentale et bien-\u00eatre<\/label><\/li><li class=\"choice-5 depth-1\"><input type=\"radio\" id=\"wpforms-4313-field_3_5\" name=\"wpforms[fields][3]\" value=\"5086\" aria-errormessage=\"wpforms-4313-field_3_5-error\" required ><label class=\"wpforms-field-label-inline\" for=\"wpforms-4313-field_3_5\">SourdsHandicap\u00e9s<\/label><\/li><li class=\"choice-6 depth-1\"><input type=\"radio\" id=\"wpforms-4313-field_3_6\" name=\"wpforms[fields][3]\" value=\"219\" aria-errormessage=\"wpforms-4313-field_3_6-error\" required ><label class=\"wpforms-field-label-inline\" for=\"wpforms-4313-field_3_6\">Travailler<\/label><\/li><\/ul><\/fieldset><\/div><div id=\"wpforms-4313-field_7-container\" class=\"wpforms-field wpforms-field-text\" data-field-id=\"7\"><label class=\"wpforms-field-label\" for=\"wpforms-4313-field_7\">Titre de la ressource <span class=\"wpforms-required-label\" aria-hidden=\"true\">*<\/span><\/label><input type=\"text\" id=\"wpforms-4313-field_7\" class=\"wpforms-field-large wpforms-field-required\" name=\"wpforms[fields][7]\" aria-errormessage=\"wpforms-4313-field_7-error\" required><\/div><div id=\"wpforms-4313-field_6-container\" class=\"wpforms-field wpforms-field-url\" data-field-id=\"6\"><label class=\"wpforms-field-label\" for=\"wpforms-4313-field_6\">Lien vers les ressources <span class=\"wpforms-required-label\" aria-hidden=\"true\">*<\/span><\/label><input type=\"url\" id=\"wpforms-4313-field_6\" class=\"wpforms-field-large wpforms-field-required\" name=\"wpforms[fields][6]\" aria-errormessage=\"wpforms-4313-field_6-error\" required><\/div><\/div><!-- .wpforms-field-container --><div class=\"wpforms-submit-container\" ><input type=\"hidden\" name=\"wpforms[id]\" value=\"4313\"><input type=\"hidden\" name=\"page_title\" value=\"\"><input type=\"hidden\" name=\"page_url\" value=\"https:\/\/deafyouthhub.ca\/fr-ca\/wp-json\/wp\/v2\/pages\/4167\"><input type=\"hidden\" name=\"url_referer\" value=\"\"><button type=\"submit\" name=\"wpforms[submit]\" id=\"wpforms-submit-4313\" class=\"wpforms-submit\" data-alt-text=\"Envoi...\" data-submit-text=\"Soumettre\" aria-live=\"assertive\" value=\"wpforms-submit\">Soumettre<\/button><img loading=\"lazy\" decoding=\"async\" src=\"https:\/\/deafyouthhub.ca\/wp-content\/plugins\/wpforms\/assets\/images\/submit-spin.svg\" class=\"wpforms-submit-spinner\" style=\"display: none;\" width=\"26\" height=\"26\" alt=\"Loading\"><\/div><\/form><\/div>  <!-- .wpforms-container --><\/div>\n\n\n\n<div class=\"rounded-3 flex-grow-1 wp-block-group has-light-gray-background-color has-background eplus-wrapper is-content-justification-space-between is-layout-flex wp-container-core-group-is-layout-054c0185 wp-block-group-is-layout-flex\" style=\"padding-top:var(--wp--preset--spacing--50);padding-right:var(--wp--preset--spacing--50);padding-bottom:var(--wp--preset--spacing--50);padding-left:var(--wp--preset--spacing--50)\">\n<p class=\" has-text-align-center has-medium-font-size eplus-wrapper\">Si vous cherchez \u00e0 nous contacter, veuillez consulter notre formulaire ici.<\/p>\n\n\n\n<div class=\"btn-block wp-block-buttons eplus-wrapper is-layout-flex wp-block-buttons-is-layout-flex\">\n<div class=\"btn btn-primary text-nowrap wp-block-button eplus-wrapper\"><a class=\"wp-block-button__link wp-element-button\" href=\"https:\/\/deafyouthhub.ca\/fr-ca\/contactez-nous\/\">Contactez-nous<\/a><\/div>\n<\/div>\n<\/div>\n<\/div>\n<\/div>\n<\/div>\n\n\t<\/div>\n\n<\/div>\n\n<\/div>\n<\/div><\/div>\n","protected":false},"excerpt":{"rendered":"<p> [&#8230;]<\/p>\n<p><a class=\"btn btn-secondary understrap-read-more-link\" href=\"https:\/\/deafyouthhub.ca\/fr-ca\/ressources-de-partage\/\">Read More&#8230;<span class=\"screen-reader-text\"> from Ressources de partage<\/span><\/a><\/p>\n","protected":false},"author":1,"featured_media":3821,"parent":0,"menu_order":0,"comment_status":"closed","ping_status":"closed","template":"empty","meta":{"_acf_changed":false,"footnotes":""},"class_list":["post-4167","page","type-page","status-publish","has-post-thumbnail","hentry"],"acf":[],"mb":[],"mfb_rest_fields":["title"],"_links":{"self":[{"href":"https:\/\/deafyouthhub.ca\/fr-ca\/wp-json\/wp\/v2\/pages\/4167","targetHints":{"allow":["GET"]}}],"collection":[{"href":"https:\/\/deafyouthhub.ca\/fr-ca\/wp-json\/wp\/v2\/pages"}],"about":[{"href":"https:\/\/deafyouthhub.ca\/fr-ca\/wp-json\/wp\/v2\/types\/page"}],"author":[{"embeddable":true,"href":"https:\/\/deafyouthhub.ca\/fr-ca\/wp-json\/wp\/v2\/users\/1"}],"replies":[{"embeddable":true,"href":"https:\/\/deafyouthhub.ca\/fr-ca\/wp-json\/wp\/v2\/comments?post=4167"}],"version-history":[{"count":0,"href":"https:\/\/deafyouthhub.ca\/fr-ca\/wp-json\/wp\/v2\/pages\/4167\/revisions"}],"wp:featuredmedia":[{"embeddable":true,"href":"https:\/\/deafyouthhub.ca\/fr-ca\/wp-json\/wp\/v2\/media\/3821"}],"wp:attachment":[{"href":"https:\/\/deafyouthhub.ca\/fr-ca\/wp-json\/wp\/v2\/media?parent=4167"}],"curies":[{"name":"wp","href":"https:\/\/api.w.org\/{rel}","templated":true}]}}